{"id":1368,"date":"2021-08-18T06:40:47","date_gmt":"2021-08-18T06:40:47","guid":{"rendered":"https:\/\/mendozalegal.com.ar\/?page_id=1368"},"modified":"2026-03-27T18:14:24","modified_gmt":"2026-03-27T21:14:24","slug":"home","status":"publish","type":"page","link":"https:\/\/mendozalegal.com.ar\/","title":{"rendered":"Home"},"content":{"rendered":"\n<div class=\"wp-block-uagb-container uagb-block-7b8460c3 alignwide uagb-is-root-container\">\n<div class=\"inherit-container-width wp-block-group is-layout-constrained wp-block-group-is-layout-constrained\">\n<div class=\"wp-block-uagb-info-box uagb-block-bf5667a3 uagb-infobox__content-wrap  uagb-infobox-icon-above-title uagb-infobox-image-valign-top\"><div class=\"uagb-ifb-content\"><div class=\"uagb-ifb-title-wrap\"><span class=\"uagb-ifb-title-prefix\">Rapidez y Confidencialidad<\/span><h1 class=\"uagb-ifb-title\">TRAMITES JUDICIALES <br>Y EXTRAJUDICIALES EN MENDOZA<\/h1><\/div><p class=\"uagb-ifb-desc\">Tu tiempo es invaluable, d\u00e9janos ocuparnos de tu tr\u00e1mite .<\/p><div class=\"uagb-ifb-button-wrapper wp-block-button\"><a href=\"https:\/\/api.whatsapp.com\/send\/?phone=5492612572035&amp;text=Bienvenido%2Fa+a+Mendoza+Legal%2C+por+favor+dejenos+su+comentario+y+le+responderemos+a+la+brevedad.+Gracias&amp;type=phone_number&amp;app_absent=0\" class=\"uagb-infobox-cta-link wp-block-button__link\" target=\"_blank\" rel=\"noopener noreferrer\" onclick=\"return true;\"><span class=\"uagb-inline-editing\">contactenos<\/span><\/a><\/div><\/div><\/div>\n<\/div>\n<\/div>\n\n\n\n<div class=\"wp-block-uagb-container uagb-block-b5f19947 alignfull uagb-is-root-container\"><div class=\"uagb-container-inner-blocks-wrap\">\n<div class=\"wp-block-uagb-container uagb-block-bc98522e\">\n<div class=\"wp-block-uagb-info-box uagb-block-c2f6b344 uagb-infobox__content-wrap  uagb-infobox-icon-above-title uagb-infobox-image-valign-top\" id=\"b\"><div class=\"uagb-ifb-content\"><div class=\"uagb-ifb-title-wrap\"><div class=\"uagb-ifb-separator\"><\/div><h2 class=\"uagb-ifb-title\">Nuestros Servicios<\/h2><\/div><p class=\"uagb-ifb-desc\">Diligenciamiento de c\u00e9dulas, oficios y escritos en general<\/p><\/div><\/div>\n\n\n\n<div class=\"wp-block-uagb-image alignleft uagb-block-515feb01 wp-block-uagb-image--layout-default wp-block-uagb-image--effect-static wp-block-uagb-image--align-left\"><figure class=\"wp-block-uagb-image__figure\"><img decoding=\"async\" srcset=\"https:\/\/mendozalegal.com.ar\/wp-content\/uploads\/2023\/04\/2-jpg.jpg ,https:\/\/mendozalegal.com.ar\/wp-content\/uploads\/2023\/04\/2-jpg.jpg 780w, http:\/\/mendozalegal.com.ar\/wp-content\/uploads\/2021\/04\/practice-areas-1.jpg 360w\" sizes=\"auto, (max-width: 480px) 150px\" src=\"https:\/\/mendozalegal.com.ar\/wp-content\/uploads\/2023\/04\/2-jpg.jpg\" alt=\"\" class=\"uag-image-1505\" width=\"500\" height=\"333\" title=\"\" loading=\"lazy\" role=\"img\"\/><\/figure><\/div>\n<\/div>\n\n\n\n<div class=\"wp-block-uagb-container uagb-block-e06e3ed2\">\n<div class=\"inherit-container-width wp-block-group is-layout-constrained wp-block-group-is-layout-constrained\">\n<div class=\"wp-block-uagb-container uagb-block-873c910f\">\n<div class=\"wp-block-uagb-advanced-heading uagb-block-b202a495\"><h4 class=\"uagb-heading-text\">Diligenciamiento de oficios, c\u00e9dulas y escritos en general<\/h4><p class=\"uagb-desc-text\"><strong>MANDAMIENTOS<\/strong>&nbsp;de embargo, intimaci\u00f3n, secuestro, etc.<\/p><\/div>\n\n\n\n<div class=\"wp-block-uagb-advanced-heading uagb-block-a31efbe1\"><h4 class=\"uagb-heading-text\">Legalizaciones de documentos<\/h4><p class=\"uagb-desc-text\">Legalizamos documentos en Ministerios, Banco Central, Colegio de Escribanos, Colegio de traductores, Consulados<\/p><\/div>\n<\/div>\n\n\n\n<div class=\"wp-block-uagb-container uagb-block-509827f3\">\n<div class=\"wp-block-uagb-advanced-heading uagb-block-3ef49731\"><h4 class=\"uagb-heading-text\">Diligenciamiento de oficios Ley 22.172<\/h4><\/div>\n\n\n\n<div class=\"wp-block-uagb-advanced-heading uagb-block-fab796e4\"><h4 class=\"uagb-heading-text\">Gestionamos Partidas de Nacimiento, Matrimonio y de Defunci\u00f3n <\/h4><\/div>\n<\/div>\n<\/div>\n\n\n\n<div class=\"wp-block-uagb-container uagb-block-fbdd560c\">\n<div class=\"wp-block-uagb-advanced-heading uagb-block-94c9a371\"><h4 class=\"uagb-heading-text\">Tr\u00e1mites ante el registro de la propiedad inmueble<\/h4><p class=\"uagb-desc-text\">Obtenemos todo tipo de Informes.<br>Gestionamos Inscripciones&nbsp;<\/p><\/div>\n\n\n\n<div class=\"wp-block-uagb-advanced-heading uagb-block-33f7093b\"><h4 class=\"uagb-heading-text\">Tr\u00e1mites ante el<br> Registro Civil, <\/h4><p class=\"uagb-desc-text\">Inscripciones de Divorcios, Insanias, Adopciones Nacionales e Internacionales<\/p><\/div>\n<\/div>\n\n\n\n<div class=\"wp-block-uagb-container uagb-block-30d3bce0\">\n<div class=\"wp-block-uagb-advanced-heading uagb-block-067349e1\"><h4 class=\"uagb-heading-text\">Tr\u00e1mites ante el registro de la propiedad automotor y moto-veh\u00edculos<\/h4><\/div>\n\n\n\n<div class=\"wp-block-uagb-advanced-heading uagb-block-cdfe645f\"><h4 class=\"uagb-heading-text\">Confecci\u00f3n de oficios y testimonios de inscripci\u00f3n<\/h4><p class=\"uagb-desc-text\">Diligenciamos todo tipo de documentaci\u00f3n dirigida a diferentes organismos<\/p><\/div>\n<\/div>\n<\/div>\n<\/div><\/div>\n\n\n\n<div class=\"wp-block-uagb-container uagb-block-4cab954c alignfull uagb-is-root-container\"><div class=\"uagb-container-inner-blocks-wrap\">\n<div class=\"wp-block-uagb-container uagb-block-5e15d9c8\">\n<div class=\"wp-block-uagb-info-box uagb-block-99bf3459 uagb-infobox__content-wrap  uagb-infobox-icon-above-title uagb-infobox-image-valign-top\" id=\"a\"><div class=\"uagb-ifb-content\"><div class=\"uagb-ifb-title-wrap\"><div class=\"uagb-ifb-separator\"><\/div><h2 class=\"uagb-ifb-title\">Sobre Nosotros<\/h2><\/div><\/div><\/div>\n\n\n\n<div class=\"wp-block-uagb-advanced-heading uagb-block-f35e01af\"><h6 class=\"uagb-heading-text\"><strong>Somos un Estudio Jur\u00eddico con m\u00e1s de 40 a\u00f1os de experiencia<\/strong><\/h6><p class=\"uagb-desc-text\">Contamos con un equipo s\u00f3lido de abogados y procuradores experimentados. Nuestro equipo din\u00e1mico tiene una amplia y diversa experiencia en derecho militar, civil y penal. Sea cual sea tu problema legal, cont\u00e1ctanos, te brindaremos consejos pr\u00e1cticos y te guiaremos hacia un resultado positivo facilitando todos los tr\u00e1mites que necesites en Mendoza.<\/p><\/div>\n\n\n\n<div class=\"wp-block-uagb-container uagb-block-29545967\">\n<div class=\"wp-block-uagb-container uagb-block-62c696b6\">\n<div class=\"wp-block-uagb-advanced-heading uagb-block-7b9f81b1\"><h4 class=\"uagb-heading-text\">La confianza es nuestra prioridad<\/h4><p class=\"uagb-desc-text\">En nuestra firma, valoramos la confianza que nuestros clientes depositan en nosotros y nos esforzamos por mantenerla a trav\u00e9s de nuestra \u00e9tica de trabajo, honestidad y transparencia.<\/p><\/div>\n<\/div>\n\n\n\n<div class=\"wp-block-uagb-container uagb-block-d01102c1\">\n<div class=\"wp-block-uagb-advanced-heading uagb-block-91a6d1cc\"><h4 class=\"uagb-heading-text\">Comunicacion permanente<\/h4><p class=\"uagb-desc-text\">Nos aseguramos de mantener una comunicaci\u00f3n constante con nuestros clientes para garantizar que est\u00e9n al tanto de los desarrollos en su caso.<\/p><\/div>\n<\/div>\n<\/div>\n\n\n\n<div class=\"wp-block-uagb-buttons uagb-buttons__outer-wrap uagb-btn__default-btn uagb-btn-tablet__default-btn uagb-btn-mobile__default-btn uagb-block-8b34b58b\"><div class=\"uagb-buttons__wrap uagb-buttons-layout-wrap \">\n<div class=\"wp-block-uagb-buttons-child uagb-buttons__outer-wrap uagb-block-1aac1dce wp-block-button\"><div class=\"uagb-button__wrapper\"><a class=\"uagb-buttons-repeater wp-block-button__link\" aria-label=\"\" href=\"https:\/\/api.whatsapp.com\/send\/?phone=5492612572035&amp;text=Bienvenido%2Fa+a+Mendoza+Legal%2C+por+favor+dejenos+su+comentario+y+le+responderemos+a+la+brevedad.+Gracias&amp;type=phone_number&amp;app_absent=0\" rel=\"follow noopener\" target=\"_blank\" role=\"button\"><div class=\"uagb-button__link\">Contactenos ahora<\/div><\/a><\/div><\/div>\n<\/div><\/div>\n<\/div>\n\n\n\n<div class=\"wp-block-uagb-container uagb-block-a07905e8\">\n<div class=\"wp-block-uagb-image alignright uagb-block-ce1ca7bb wp-block-uagb-image--layout-default wp-block-uagb-image--effect-static wp-block-uagb-image--align-right\"><figure class=\"wp-block-uagb-image__figure\"><img decoding=\"async\" srcset=\"https:\/\/mendozalegal.com.ar\/wp-content\/uploads\/2023\/04\/1-jpg.jpg , https:\/\/mendozalegal.com.ar\/wp-content\/uploads\/2021\/04\/law-about.jpg 360w\" sizes=\"auto, (max-width: 480px) 150px\" src=\"https:\/\/mendozalegal.com.ar\/wp-content\/uploads\/2023\/04\/1-jpg.jpg\" alt=\"\" class=\"uag-image-1500\" width=\"600\" height=\"941\" title=\"\" loading=\"lazy\" role=\"img\"\/><\/figure><\/div>\n<\/div>\n<\/div><\/div>\n\n\n\n<div class=\"wp-block-uagb-container uagb-block-4edbc32d alignfull uagb-is-root-container\"><div class=\"uagb-container-inner-blocks-wrap\">\n<div class=\"wp-block-uagb-info-box uagb-block-0f785848 uagb-infobox__content-wrap  uagb-infobox-icon-above-title uagb-infobox-image-valign-top\"><div class=\"uagb-ifb-content\"><div class=\"uagb-ifb-title-wrap\"><div class=\"uagb-ifb-separator\"><\/div><h2 class=\"uagb-ifb-title\">\u00bfC\u00f3mo funciona?<\/h2><\/div><p class=\"uagb-ifb-desc\">Simple, Rapido y Confiable<\/p><\/div><\/div>\n\n\n\n<div class=\"wp-block-uagb-container uagb-block-bd4f592d\">\n<div class=\"wp-block-uagb-container uagb-block-918a04d2\">\n<div class=\"wp-block-uagb-info-box uagb-block-04001a03 uagb-infobox__content-wrap  uagb-infobox-icon-above-title uagb-infobox-image-valign-top\"><div class=\"uagb-ifb-content\"><div class=\"uagb-ifb-image-content\"><img decoding=\"async\" src=\"http:\/\/mendozalegal.com.ar\/wp-content\/uploads\/2021\/03\/01.png\" alt=\"\" width=\"60\" height=\"60\" loading=\"lazy\"\/><\/div><div class=\"uagb-ifb-title-wrap\"><h4 class=\"uagb-ifb-title\">Realizar la consulta<\/h4><\/div><p class=\"uagb-ifb-desc\">Contactarnos a travez de<br> whatsapp o llenar el formulario para poder realizar una cotizacion<\/p><\/div><\/div>\n<\/div>\n\n\n\n<div class=\"wp-block-uagb-container uagb-block-5185f3d9\">\n<div class=\"wp-block-uagb-info-box uagb-block-eb096fff uagb-infobox__content-wrap  uagb-infobox-icon-above-title uagb-infobox-image-valign-top\"><div class=\"uagb-ifb-content\"><div class=\"uagb-ifb-image-content\"><img decoding=\"async\" src=\"http:\/\/mendozalegal.com.ar\/wp-content\/uploads\/2021\/03\/02.png\" alt=\"\" width=\"60\" height=\"60\" loading=\"lazy\"\/><\/div><div class=\"uagb-ifb-title-wrap\"><h4 class=\"uagb-ifb-title\">Env\u00eda la documentaci\u00f3n <\/h4><\/div><p class=\"uagb-ifb-desc\">Una vez aceptado el presupuesto debe enviar la documentacion por correo certificado a nuestro estudio (en caso de corresponder)<\/p><\/div><\/div>\n<\/div>\n\n\n\n<div class=\"wp-block-uagb-container uagb-block-914f82f2\">\n<div class=\"wp-block-uagb-info-box uagb-block-dd2fbcb5 uagb-infobox__content-wrap  uagb-infobox-icon-above-title uagb-infobox-image-valign-top\"><div class=\"uagb-ifb-content\"><div class=\"uagb-ifb-image-content\"><img decoding=\"async\" src=\"http:\/\/mendozalegal.com.ar\/wp-content\/uploads\/2021\/03\/03.png\" alt=\"\" width=\"60\" height=\"60\" loading=\"lazy\"\/><\/div><div class=\"uagb-ifb-title-wrap\"><h4 class=\"uagb-ifb-title\">Finalizar el tramite<\/h4><\/div><p class=\"uagb-ifb-desc\">Una vez finalizado el tramite, se le envia toda la documentacion por correo certificado.<\/p><\/div><\/div>\n<\/div>\n<\/div>\n\n\n\n<div class=\"wp-block-columns is-layout-flex wp-container-core-columns-is-layout-28f84493 wp-block-columns-is-layout-flex\">\n<div class=\"wp-block-column is-layout-flow wp-block-column-is-layout-flow\">\n<div class=\"wp-block-columns is-layout-flex wp-container-core-columns-is-layout-28f84493 wp-block-columns-is-layout-flex\">\n<div class=\"wp-block-column is-layout-flow wp-block-column-is-layout-flow\">\n<p class=\"has-text-align-center has-medium-font-size\">Durante todo el proceso mantenemos comunicacion constante<\/p>\n<\/div>\n<\/div>\n<\/div>\n<\/div>\n\n\n\n<div class=\"wp-block-uagb-buttons uagb-buttons__outer-wrap uagb-btn__default-btn uagb-btn-tablet__default-btn uagb-btn-mobile__default-btn uagb-block-eec25466\"><div class=\"uagb-buttons__wrap uagb-buttons-layout-wrap \">\n<div class=\"wp-block-uagb-buttons-child uagb-buttons__outer-wrap uagb-block-09f42fd8 wp-block-button\"><div class=\"uagb-button__wrapper\"><a class=\"uagb-buttons-repeater wp-block-button__link\" aria-label=\"\" href=\"https:\/\/api.whatsapp.com\/send\/?phone=5492612572035&amp;text=Bienvenido%2Fa+a+Mendoza+Legal%2C+por+favor+dejenos+su+comentario+y+le+responderemos+a+la+brevedad.+Gracias&amp;type=phone_number&amp;app_absent=0\" rel=\"follow noopener\" target=\"_blank\" role=\"button\"><div class=\"uagb-button__link\">Contactenos<\/div><\/a><\/div><\/div>\n<\/div><\/div>\n<\/div><\/div>\n\n\n\n<div class=\"wp-block-uagb-container uagb-block-1a3e6f1f alignwide uagb-is-root-container\">\n<div class=\"wp-block-uagb-advanced-heading uagb-block-388e1209\" id=\"c\"><h3 class=\"uagb-heading-text\">Formulario de consulta<\/h3><p class=\"uagb-desc-text\">Llene el formulario o contactenos via WhatsApp<\/p><\/div>\n\n\n\n<div class=\"wp-block-uagb-container uagb-block-9a48aa0a\">\n<div class=\"wp-block-uagb-container uagb-block-9e08ec3d\">\n<div class=\"wp-block-uagb-forms uagb-forms__outer-wrap uagb-block-dd6db529 uagb-forms__medium-btn\"><form class=\"uagb-forms-main-form\" method=\"post\" autocomplete=\"on\" name=\"uagb-form-dd6db529\">\n\n<div class=\"wp-block-uagb-forms-name uagb-forms-name-wrap uagb-forms-field-set uagb-block-257a6179\"><div class=\"uagb-forms-name-label required uagb-forms-input-label\" id=\"257a6179\">Nombre y Apellido<\/div><input type=\"text\" placeholder=\"su nombre\" required class=\"uagb-forms-name-input uagb-forms-input\" name=\"257a6179\" autocomplete=\"given-name\"\/><\/div>\n\n\n<div class=\"wp-block-uagb-forms-name uagb-forms-name-wrap uagb-forms-field-set uagb-block-b0821347\"><div class=\"uagb-forms-name-label required uagb-forms-input-label\" id=\"b0821347\">Telefono de contacto<\/div><input type=\"text\" placeholder=\"su tel\u00e9fono\" required class=\"uagb-forms-name-input uagb-forms-input\" name=\"b0821347\" autocomplete=\"family-name\"\/><\/div>\n\n\n<div class=\"wp-block-uagb-forms-email uagb-forms-email-wrap uagb-forms-field-set uagb-block-38003d9e\"><div class=\"uagb-forms-email-label  uagb-forms-input-label\" id=\"38003d9e\">Correo electr\u00f3nico<\/div><input type=\"email\" class=\"uagb-forms-email-input uagb-forms-input\" placeholder=\"ejemplo@correo.es\" name=\"38003d9e\" autocomplete=\"email\"\/><\/div>\n\n\n<div class=\"wp-block-uagb-forms-textarea uagb-forms-textarea-wrap uagb-forms-field-set uagb-block-4caf5a6f\"><div class=\"uagb-forms-textarea-label obligatorio uagb-forms-input-label\" id=\"4caf5a6f\">Mensaje<\/div><textarea required class=\"uagb-forms-textarea-input uagb-forms-input\" rows=\"4\" placeholder=\"Introduce tu mensaje\" name=\"4caf5a6f\" autocomplete=\"off\"><\/textarea><\/div>\n\n<div class=\"uagb-forms-form-hidden-data\"><input type=\"hidden\" class=\"uagb_forms_form_label\" value=\"Formulario Spectra\"\/><input type=\"hidden\" class=\"uagb_forms_form_id\" value=\"uagb-form-dd6db529\"\/><\/div><div class=\"uagb-form-reacaptcha-error-dd6db529\"><\/div><div class=\"uagb-forms-main-submit-button-wrap wp-block-button\"><button class=\"uagb-forms-main-submit-button wp-block-button__link\"><div class=\"uagb-forms-main-submit-button-text\">Enviar<\/div><\/button><\/div><\/form><div class=\"uagb-forms-success-message-dd6db529 uagb-forms-submit-message-hide\"><span>\u00a1El formulario ha sido enviado correctamente!<\/span><\/div><div class=\"uagb-forms-failed-message-dd6db529 uagb-forms-submit-message-hide\"><span>Ha ocurrido alg\u00fan error al enviar el formulario. Por favor, revisa de nuevo todos los campos.<\/span><\/div><\/div>\n<\/div>\n<\/div>\n<\/div>\n\n\n\n<div class=\"wp-block-uagb-container uagb-block-9ddb71ba alignfull uagb-is-root-container\"><div class=\"uagb-container-inner-blocks-wrap\">\n<div class=\"wp-block-uagb-info-box uagb-block-a2f5d0b4 uagb-infobox__content-wrap  uagb-infobox-icon-above-title uagb-infobox-image-valign-top\" id=\"d\"><div class=\"uagb-ifb-content\"><div class=\"uagb-ifb-title-wrap\"><div class=\"uagb-ifb-separator\"><\/div><h2 class=\"uagb-ifb-title\"><strong>Contacto<\/strong><\/h2><\/div><\/div><\/div>\n\n\n\n<div class=\"wp-block-columns is-layout-flex wp-container-core-columns-is-layout-28f84493 wp-block-columns-is-layout-flex\">\n<div class=\"wp-block-column is-layout-flow wp-block-column-is-layout-flow\">\n<div class=\"wp-block-columns is-layout-flex wp-container-core-columns-is-layout-28f84493 wp-block-columns-is-layout-flex\">\n<div class=\"wp-block-column is-layout-flow wp-block-column-is-layout-flow\">\n<div class=\"wp-block-uagb-info-box uagb-block-ec7f07ed uagb-infobox__content-wrap  uagb-infobox-icon-above-title uagb-infobox-image-valign-top\"><div class=\"uagb-ifb-content\"><div class=\"uagb-ifb-icon-wrap\"><svg xmlns=\"https:\/\/www.w3.org\/2000\/svg\" viewBox=\"0 0 512 512\"><path d=\"M0 256C0 114.6 114.6 0 256 0C397.4 0 512 114.6 512 256C512 397.4 397.4 512 256 512C114.6 512 0 397.4 0 256zM371.8 211.8C382.7 200.9 382.7 183.1 371.8 172.2C360.9 161.3 343.1 161.3 332.2 172.2L224 280.4L179.8 236.2C168.9 225.3 151.1 225.3 140.2 236.2C129.3 247.1 129.3 264.9 140.2 275.8L204.2 339.8C215.1 350.7 232.9 350.7 243.8 339.8L371.8 211.8z\"><\/path><\/svg><\/div><div class=\"uagb-ifb-title-wrap\"><h3 class=\"uagb-ifb-title\">Direcci\u00f3n<\/h3><\/div><p class=\"uagb-ifb-desc\">Av. B. Mitre 674 &#8211; Ciudad &#8211; Mendoza<\/p><\/div><\/div>\n<\/div>\n\n\n\n<div class=\"wp-block-column is-layout-flow wp-block-column-is-layout-flow\">\n<div class=\"wp-block-uagb-info-box uagb-block-eb4b0a5f uagb-infobox__content-wrap  uagb-infobox-icon-above-title uagb-infobox-image-valign-top\"><div class=\"uagb-ifb-content\"><div class=\"uagb-ifb-icon-wrap\"><svg xmlns=\"https:\/\/www.w3.org\/2000\/svg\" viewBox=\"0 0 512 512\"><path d=\"M0 256C0 114.6 114.6 0 256 0C397.4 0 512 114.6 512 256C512 397.4 397.4 512 256 512C114.6 512 0 397.4 0 256zM371.8 211.8C382.7 200.9 382.7 183.1 371.8 172.2C360.9 161.3 343.1 161.3 332.2 172.2L224 280.4L179.8 236.2C168.9 225.3 151.1 225.3 140.2 236.2C129.3 247.1 129.3 264.9 140.2 275.8L204.2 339.8C215.1 350.7 232.9 350.7 243.8 339.8L371.8 211.8z\"><\/path><\/svg><\/div><div class=\"uagb-ifb-title-wrap\"><h3 class=\"uagb-ifb-title\">WhatsApp<\/h3><\/div><p class=\"uagb-ifb-desc\">+ 54 261 257 2035<\/p><div class=\"uagb-ifb-button-wrapper wp-block-button\"><a href=\"https:\/\/api.whatsapp.com\/send\/?phone=5492612572035&amp;text=Bienvenido%2Fa+a+Mendoza+Legal%2C+por+favor+dejenos+su+comentario+y+le+responderemos+a+la+brevedad.+Gracias&amp;type=phone_number&amp;app_absent=0\" class=\"uagb-infobox-cta-link wp-block-button__link\" target=\"_blank\" rel=\"noopener noreferrer\" onclick=\"return true;\"><span class=\"uagb-inline-editing\">Whatsapp<\/span><\/a><\/div><\/div><\/div>\n<\/div>\n\n\n\n<div class=\"wp-block-column is-layout-flow wp-block-column-is-layout-flow\">\n<div class=\"wp-block-uagb-info-box uagb-block-5327a987 uagb-infobox__content-wrap  uagb-infobox-icon-above-title uagb-infobox-image-valign-top\"><div class=\"uagb-ifb-content\"><div class=\"uagb-ifb-icon-wrap\"><svg xmlns=\"https:\/\/www.w3.org\/2000\/svg\" viewBox=\"0 0 512 512\"><path d=\"M0 256C0 114.6 114.6 0 256 0C397.4 0 512 114.6 512 256C512 397.4 397.4 512 256 512C114.6 512 0 397.4 0 256zM371.8 211.8C382.7 200.9 382.7 183.1 371.8 172.2C360.9 161.3 343.1 161.3 332.2 172.2L224 280.4L179.8 236.2C168.9 225.3 151.1 225.3 140.2 236.2C129.3 247.1 129.3 264.9 140.2 275.8L204.2 339.8C215.1 350.7 232.9 350.7 243.8 339.8L371.8 211.8z\"><\/path><\/svg><\/div><div class=\"uagb-ifb-title-wrap\"><h3 class=\"uagb-ifb-title\">Email<\/h3><\/div><p class=\"uagb-ifb-desc\">contacto@mendozalegal.com.ar<\/p><div class=\"uagb-ifb-button-wrapper wp-block-button\"><a href=\"mailto:contacto@mendozalegal.com.ar\" class=\"uagb-infobox-cta-link wp-block-button__link\" target=\"_blank\" rel=\"noopener noreferrer\" onclick=\"return true;\"><span class=\"uagb-inline-editing\">E-Mail<\/span><\/a><\/div><\/div><\/div>\n<\/div>\n<\/div>\n<\/div>\n<\/div>\n\n\n\n<div class=\"wp-block-columns is-layout-flex wp-container-core-columns-is-layout-28f84493 wp-block-columns-is-layout-flex\">\n<div class=\"wp-block-column is-layout-flow wp-block-column-is-layout-flow\">\t\t\t<div \n\t\t\tclass=\"wp-block-uagb-google-map uagb-google-map__wrap uagb-block-4a46de5f     \"\n\t\t\tstyle=\"\" >\n\t\t\t\t<embed\n\t\t\t\t\tclass=\"uagb-google-map__iframe\"\n\t\t\t\t\ttitle=\"Mapa de Google de\"\n\t\t\t\t\tsrc=\"https:\/\/maps.google.com\/maps?q=bartolome%20mitre%20674%2C%20ciudad%20&#038;z=16&#038;hl=es&#038;t=m&#038;output=embed&#038;iwloc=near\"\n\t\t\t\t\twidth=\"640\"\n\t\t\t\t\theight=\"300\"\n\t\t\t\t\tloading=\"lazy\"\n\t\t\t\t><\/embed>\n\t\t\t<\/div>\n\t\t\t<\/div>\n<\/div>\n<\/div><\/div>\n\n\n\n<div class=\"wp-block-uagb-container uagb-block-171ba0b5 alignfull uagb-is-root-container\"><div class=\"uagb-container-inner-blocks-wrap\">\n<div class=\"wp-block-columns is-layout-flex wp-container-core-columns-is-layout-28f84493 wp-block-columns-is-layout-flex\">\n<div class=\"wp-block-column is-layout-flow wp-block-column-is-layout-flow\" style=\"flex-basis:100%\">\n<div class=\"wp-block-uagb-container uagb-block-f3a4e58a\">\n<div class=\"wp-block-uagb-image aligncenter uagb-block-c5929e9e wp-block-uagb-image--layout-default wp-block-uagb-image--effect-static wp-block-uagb-image--align-center\"><figure class=\"wp-block-uagb-image__figure\"><img decoding=\"async\" srcset=\"https:\/\/mendozalegal.com.ar\/wp-content\/uploads\/2023\/04\/500x500-1-150x150.png \" sizes=\"auto, (max-width: 480px) 150px\" src=\"https:\/\/mendozalegal.com.ar\/wp-content\/uploads\/2023\/04\/500x500-1-150x150.png\" alt=\"Icono del Sitio\" class=\"uag-image-1363\" width=\"150\" height=\"150\" title=\"\" loading=\"lazy\" role=\"img\"\/><\/figure><\/div>\n<\/div>\n<\/div>\n<\/div>\n<\/div><\/div>\n","protected":false},"excerpt":{"rendered":"<p>Diligenciamiento de oficios, c\u00e9dulas y escritos en general MANDAMIENTOS&nbsp;de embargo, intimaci\u00f3n, secuestro, etc. Legalizaciones de documentos Legalizamos documentos en Ministerios, Banco Central, Colegio de Escribanos, Colegio de traductores, Consulados Diligenciamiento de oficios Ley 22.172 Gestionamos Partidas de Nacimiento, Matrimonio y de Defunci\u00f3n Tr\u00e1mites ante el registro de la propiedad inmueble Obtenemos todo tipo de Informes.Gestionamos [&hellip;]<\/p>\n","protected":false},"author":1,"featured_media":0,"parent":0,"menu_order":0,"comment_status":"closed","ping_status":"closed","template":"","meta":{"_uag_custom_page_level_css":"","site-sidebar-layout":"no-sidebar","site-content-layout":"plain-container","ast-site-content-layout":"normal-width-container","site-content-style":"unboxed","site-sidebar-style":"unboxed","ast-global-header-display":"","ast-banner-title-visibility":"","ast-main-header-display":"","ast-hfb-above-header-display":"","ast-hfb-below-header-display":"","ast-hfb-mobile-header-display":"","site-post-title":"disabled","ast-breadcrumbs-content":"","ast-featured-img":"disabled","footer-sml-layout":"","ast-disable-related-posts":"","theme-transparent-header-meta":"enabled","adv-header-id-meta":"","stick-header-meta":"","header-above-stick-meta":"","header-main-stick-meta":"","header-below-stick-meta":"","astra-migrate-meta-layouts":"set","ast-page-background-enabled":"default","ast-page-background-meta":{"desktop":{"background-color":"var(--ast-global-color-4)","background-image":"","background-repeat":"repeat","background-position":"center center","background-size":"auto","background-attachment":"scroll","background-type":"","background-media":"","overlay-type":"","overlay-color":"","overlay-opacity":"","overlay-gradient":""},"tablet":{"background-color":"","background-image":"","background-repeat":"repeat","background-position":"center center","background-size":"auto","background-attachment":"scroll","background-type":"","background-media":"","overlay-type":"","overlay-color":"","overlay-opacity":"","overlay-gradient":""},"mobile":{"background-color":"","background-image":"","background-repeat":"repeat","background-position":"center center","background-size":"auto","background-attachment":"scroll","background-type":"","background-media":"","overlay-type":"","overlay-color":"","overlay-opacity":"","overlay-gradient":""}},"ast-content-background-meta":{"desktop":{"background-color":"var(--ast-global-color-5)","background-image":"","background-repeat":"repeat","background-position":"center center","background-size":"auto","background-attachment":"scroll","background-type":"","background-media":"","overlay-type":"","overlay-color":"","overlay-opacity":"","overlay-gradient":""},"tablet":{"background-color":"var(--ast-global-color-5)","background-image":"","background-repeat":"repeat","background-position":"center center","background-size":"auto","background-attachment":"scroll","background-type":"","background-media":"","overlay-type":"","overlay-color":"","overlay-opacity":"","overlay-gradient":""},"mobile":{"background-color":"var(--ast-global-color-5)","background-image":"","background-repeat":"repeat","background-position":"center center","background-size":"auto","background-attachment":"scroll","background-type":"","background-media":"","overlay-type":"","overlay-color":"","overlay-opacity":"","overlay-gradient":""}},"footnotes":""},"class_list":["post-1368","page","type-page","status-publish","hentry"],"uagb_featured_image_src":{"full":false,"thumbnail":false,"medium":false,"medium_large":false,"large":false,"1536x1536":false,"2048x2048":false},"uagb_author_info":{"display_name":"jlmillan44@gmail.com","author_link":"https:\/\/mendozalegal.com.ar\/?author=1"},"uagb_comment_info":0,"uagb_excerpt":"Diligenciamiento de oficios, c\u00e9dulas y escritos en general MANDAMIENTOS&nbsp;de embargo, intimaci\u00f3n, secuestro, etc. Legalizaciones de documentos Legalizamos documentos en Ministerios, Banco Central, Colegio de Escribanos, Colegio de traductores, Consulados Diligenciamiento de oficios Ley 22.172 Gestionamos Partidas de Nacimiento, Matrimonio y de Defunci\u00f3n Tr\u00e1mites ante el registro de la propiedad inmueble Obtenemos todo tipo de Informes.Gestionamos&hellip;","_links":{"self":[{"href":"https:\/\/mendozalegal.com.ar\/index.php?rest_route=\/wp\/v2\/pages\/1368","targetHints":{"allow":["GET"]}}],"collection":[{"href":"https:\/\/mendozalegal.com.ar\/index.php?rest_route=\/wp\/v2\/pages"}],"about":[{"href":"https:\/\/mendozalegal.com.ar\/index.php?rest_route=\/wp\/v2\/types\/page"}],"author":[{"embeddable":true,"href":"https:\/\/mendozalegal.com.ar\/index.php?rest_route=\/wp\/v2\/users\/1"}],"replies":[{"embeddable":true,"href":"https:\/\/mendozalegal.com.ar\/index.php?rest_route=%2Fwp%2Fv2%2Fcomments&post=1368"}],"version-history":[{"count":50,"href":"https:\/\/mendozalegal.com.ar\/index.php?rest_route=\/wp\/v2\/pages\/1368\/revisions"}],"predecessor-version":[{"id":1660,"href":"https:\/\/mendozalegal.com.ar\/index.php?rest_route=\/wp\/v2\/pages\/1368\/revisions\/1660"}],"wp:attachment":[{"href":"https:\/\/mendozalegal.com.ar\/index.php?rest_route=%2Fwp%2Fv2%2Fmedia&parent=1368"}],"curies":[{"name":"wp","href":"https:\/\/api.w.org\/{rel}","templated":true}]}}